{"id":2022,"date":"2023-09-07T21:35:42","date_gmt":"2023-09-07T21:35:42","guid":{"rendered":"https:\/\/satyro.com.br\/wscom\/?page_id=2022"},"modified":"2023-09-18T08:35:38","modified_gmt":"2023-09-18T11:35:38","slug":"agendamento-com-o-satyro","status":"publish","type":"page","link":"https:\/\/satyro.com.br\/wscom\/contact-us\/agendamento-com-o-satyro\/","title":{"rendered":"Agendamento com o Satyro"},"content":{"rendered":"\t\t<div data-elementor-type=\"wp-page\" data-elementor-id=\"2022\" class=\"elementor elementor-2022\" data-elementor-post-type=\"page\">\n\t\t\t\t<div class=\"elementor-element elementor-element-cf99901 e-flex e-con-boxed e-con e-parent\" data-id=\"cf99901\" data-element_type=\"container\" data-e-type=\"container\">\n\t\t\t\t\t<div class=\"e-con-inner\">\n\t\t<div class=\"elementor-element elementor-element-1e89e92 e-con-full e-flex e-con e-child\" data-id=\"1e89e92\" data-element_type=\"container\" data-e-type=\"container\">\n\t\t\t\t<div class=\"elementor-element elementor-element-7e6cff1 elementor-widget elementor-widget-image\" data-id=\"7e6cff1\" data-element_type=\"widget\" data-e-type=\"widget\" data-widget_type=\"image.default\">\n\t\t\t\t<div class=\"elementor-widget-container\">\n\t\t\t\t\t\t\t\t\t\t\t\t\t\t\t<img data-opt-id=1703518987  fetchpriority=\"high\" decoding=\"async\" width=\"1620\" height=\"1080\" src=\"https:\/\/mlzr8bnprccj.i.optimole.com\/w:auto\/h:auto\/q:mauto\/f:best\/https:\/\/satyro.com.br\/wscom\/wp-content\/uploads\/2023\/09\/contato-agenda-compromisso.jpg\" class=\"attachment-full size-full wp-image-2396\" alt=\"\" srcset=\"https:\/\/mlzr8bnprccj.i.optimole.com\/w:1620\/h:1080\/q:mauto\/f:best\/https:\/\/satyro.com.br\/wscom\/wp-content\/uploads\/2023\/09\/contato-agenda-compromisso.jpg 1620w, https:\/\/mlzr8bnprccj.i.optimole.com\/w:300\/h:200\/q:mauto\/f:best\/https:\/\/satyro.com.br\/wscom\/wp-content\/uploads\/2023\/09\/contato-agenda-compromisso.jpg 300w, https:\/\/mlzr8bnprccj.i.optimole.com\/w:1024\/h:683\/q:mauto\/f:best\/https:\/\/satyro.com.br\/wscom\/wp-content\/uploads\/2023\/09\/contato-agenda-compromisso.jpg 1024w, https:\/\/mlzr8bnprccj.i.optimole.com\/w:768\/h:512\/q:mauto\/f:best\/https:\/\/satyro.com.br\/wscom\/wp-content\/uploads\/2023\/09\/contato-agenda-compromisso.jpg 768w, https:\/\/mlzr8bnprccj.i.optimole.com\/w:1536\/h:1024\/q:mauto\/f:best\/https:\/\/satyro.com.br\/wscom\/wp-content\/uploads\/2023\/09\/contato-agenda-compromisso.jpg 1536w\" sizes=\"(max-width: 800px) 100vw, 800px\" \/>\t\t\t\t\t\t\t\t\t\t\t\t\t\t\t<\/div>\n\t\t\t\t<\/div>\n\t\t\t\t<\/div>\n\t\t<div class=\"elementor-element elementor-element-da07017 e-con-full e-flex e-con e-child\" data-id=\"da07017\" data-element_type=\"container\" data-e-type=\"container\">\n\t\t\t\t<div class=\"elementor-element elementor-element-cc4f46d elementor-widget__width-initial elementor-absolute elementor-widget elementor-widget-spacer\" data-id=\"cc4f46d\" data-element_type=\"widget\" data-e-type=\"widget\" data-settings=\"{&quot;_position&quot;:&quot;absolute&quot;}\" data-widget_type=\"spacer.default\">\n\t\t\t\t<div class=\"elementor-widget-container\">\n\t\t\t\t\t\t\t<div class=\"elementor-spacer\">\n\t\t\t<div class=\"elementor-spacer-inner\"><\/div>\n\t\t<\/div>\n\t\t\t\t\t\t<\/div>\n\t\t\t\t<\/div>\n\t\t\t\t<div class=\"elementor-element elementor-element-bfd4c55 elementor-invisible elementor-widget elementor-widget-heading\" data-id=\"bfd4c55\" data-element_type=\"widget\" data-e-type=\"widget\" data-settings=\"{&quot;_animation&quot;:&quot;fadeInUp&quot;}\" data-widget_type=\"heading.default\">\n\t\t\t\t<div class=\"elementor-widget-container\">\n\t\t\t\t\t<h3 class=\"elementor-heading-title elementor-size-default\">Venda \u00e9 sin\u00f4nimo de resultados e receita.<\/h3>\t\t\t\t<\/div>\n\t\t\t\t<\/div>\n\t\t\t\t<div class=\"elementor-element elementor-element-92c7d9c elementor-widget elementor-widget-heading\" data-id=\"92c7d9c\" data-element_type=\"widget\" data-e-type=\"widget\" data-widget_type=\"heading.default\">\n\t\t\t\t<div class=\"elementor-widget-container\">\n\t\t\t\t\t<h1 class=\"elementor-heading-title elementor-size-default\">Vamos agendar uma conversa produtiva?<\/h1>\t\t\t\t<\/div>\n\t\t\t\t<\/div>\n\t\t\t\t<div class=\"elementor-element elementor-element-18f5146 elementor-widget elementor-widget-text-editor\" data-id=\"18f5146\" data-element_type=\"widget\" data-e-type=\"widget\" data-widget_type=\"text-editor.default\">\n\t\t\t\t<div class=\"elementor-widget-container\">\n\t\t\t\t\t\t\t\t\t<p>Verifique abaixo o dia e hor\u00e1rio que deseja conversar e vamos ver juntos quais s\u00e3o suas preocupa\u00e7\u00f5es e dificuldades em Vendas e como poderei ajud\u00e1-lo a resolv\u00ea-las. Numa conversa informal e de reconhecimento m\u00fatuo fica mais simples entendermos rapidamente o que pode ser feito e como poderei ajud\u00e1-lo com minhas solu\u00e7\u00f5es e capacidades em Vendas e Marketing.<\/p>\t\t\t\t\t\t\t\t<\/div>\n\t\t\t\t<\/div>\n\t\t\t\t<\/div>\n\t\t\t\t\t<\/div>\n\t\t\t\t<\/div>\n\t\t<div class=\"elementor-element elementor-element-9ab33fd e-flex e-con-boxed e-con e-parent\" data-id=\"9ab33fd\" data-element_type=\"container\" data-e-type=\"container\" data-settings=\"{&quot;background_background&quot;:&quot;classic&quot;}\">\n\t\t\t\t\t<div class=\"e-con-inner\">\n\t\t\t\t<div class=\"elementor-element elementor-element-35e0c68 elementor-widget__width-inherit elementor-widget elementor-widget-text-editor\" data-id=\"35e0c68\" data-element_type=\"widget\" data-e-type=\"widget\" data-widget_type=\"text-editor.default\">\n\t\t\t\t<div class=\"elementor-widget-container\">\n\t\t\t\t\t\t\t\t\t<p>Utilize meu Sistema de Agendamento para escolher quando quer conversar sobre suas preocupa\u00e7\u00f5es ou outro assunto.<\/p>\t\t\t\t\t\t\t\t<\/div>\n\t\t\t\t<\/div>\n\t\t\t\t<div class=\"elementor-element elementor-element-37cddbe elementor-widget elementor-widget-text-editor\" data-id=\"37cddbe\" data-element_type=\"widget\" data-e-type=\"widget\" data-widget_type=\"text-editor.default\">\n\t\t\t\t<div class=\"elementor-widget-container\">\n\t\t\t\t\t\t\t\t\t<p>S\u00e3o somente 5 passos simples e <em>voil\u00e0<\/em>, estaremos agendados para conversar:<\/p>\n<p style=\"padding-left: 40px;\">(1) Escolha o servi\u00e7o, que no caso \u00e9 um &#8220;encontro informal&#8221;. <br>(2) Escolha a Hora desejada.<br>(3) Vamos ent\u00e3o aos Detalhes.<br>(4) Quanto ao Pagamento, n\u00e3o haver\u00e1, nesse agendamento &#8211; pule.<br>(5) Da\u00ed \u00e9 s\u00f3 Concluir.<\/p>\n<p>Ah, por favor, compare\u00e7a no compromisso para poder te ajudar a vender mais e melhor!<\/p>\t\t\t\t\t\t\t\t<\/div>\n\t\t\t\t<\/div>\n\t\t\t\t<div class=\"elementor-element elementor-element-d51ba11 elementor-widget elementor-widget-bookly-widget-bookly-form\" data-id=\"d51ba11\" data-element_type=\"widget\" data-e-type=\"widget\" data-widget_type=\"bookly-widget-bookly-form.default\">\n\t\t\t\t<div class=\"elementor-widget-container\">\n\t\t\t\t\t<!--\nPlugin Name: Bookly - Responsive WordPress Appointment Booking and Scheduling Plugin\nPlugin URI: https:\/\/www.booking-wp-plugin.com\/?utm_source=bookly_admin&utm_medium=plugins_page&utm_campaign=plugins_page\nVersion: 27.5-->\n<style type=\"text\/css\">\n    :root {\n        --bookly-main-color: #1e73be !important;\n        --bookly-color: #1e73be !important;\n    }\n\n    <\/style><div class=\"bookly-css-root\">\n    <div id=\"bookly-form-container-69ec737a9bc3b\" class=\"bookly-form\" data-form_id=\"\" aria-live=\"polite\">\n        <div style=\"text-align: center\"><img data-opt-id=1341881627  fetchpriority=\"high\" decoding=\"async\" src=\"https:\/\/mlzr8bnprccj.i.optimole.com\/w:auto\/h:auto\/q:mauto\/f:best\/https:\/\/satyro.com.br\/wscom\/wp-includes\/js\/tinymce\/skins\/lightgray\/img\/loader.gif\" alt=\"Carregando...\"\/><\/div>\n    <\/div>\n<\/div>\n    <div class=\"powered-by-bookly\">Fornecido por        <a href=\"https:\/\/www.booking-wp-plugin.com\/?utm_source=referral&utm_medium=booking_widget\" target=\"_blank\">Bookly<\/a> \u2014\n        <a href=\"https:\/\/www.booking-wp-plugin.com\/?utm_source=referral&utm_medium=booking_widget\" target=\"_blank\">WordPress Booking Plugin<\/a>\n    <\/div>\n<script type=\"text\/javascript\">\n    (function (win, fn) {\n        var done = false, top = true,\n            doc = win.document,\n            root = doc.documentElement,\n            modern = doc.addEventListener,\n            add = modern ? 'addEventListener' : 'attachEvent',\n            rem = modern ? 'removeEventListener' : 'detachEvent',\n            pre = modern ? '' : 'on',\n            init = function (e) {\n                if (e.type == 'readystatechange') if (doc.readyState != 'complete') return;\n                (e.type == 'load' ? win : doc)[rem](pre + e.type, init, false);\n                if (!done) {\n                    done = true;\n                    fn.call(win, e.type || e);\n                }\n            },\n            poll = function () {\n                try {\n                    root.doScroll('left');\n                } catch (e) {\n                    setTimeout(poll, 50);\n                    return;\n                }\n                init('poll');\n            };\n        if (doc.readyState == 'complete') fn.call(win, 'lazy');\n        else {\n            if (!modern) if (root.doScroll) {\n                try {\n                    top = !win.frameElement;\n                } catch (e) {\n                }\n                if (top) poll();\n            }\n            doc[add](pre + 'DOMContentLoaded', init, false);\n            doc[add](pre + 'readystatechange', init, false);\n            win[add](pre + 'load', init, false);\n        }\n    })(window, function () {\n        window.bookly( {\"form_id\":\"69ec737a9bc3b\",\"form_data\":{\"skip_service_step\":0,\"hide_service_part1\":1,\"hide_service_part2\":0,\"defaults\":{\"service_id\":1,\"staff_id\":1,\"location_id\":0,\"category_id\":7,\"units\":0,\"date_from\":0,\"time_from\":0,\"time_to\":0}},\"status\":{\"booking\":\"new\"},\"form_token\":null,\"skip_steps\":{\"service_part1\":1,\"service_part2\":0,\"extras\":1,\"time\":0,\"repeat\":1,\"cart\":1},\"errors\":{\"session_error\":\"Erro de sess\\u00e3o.\",\"form_id_error\":\"Erro de ID do formul\\u00e1rio\",\"cart_item_not_available\":\"A hora selecionada j\\u00e1 n\\u00e3o se encontra dispon\\u00edvel. Por favor escolha um outro intervalo.\",\"pay_locally_not_available\":\"Pagar localmente n\\u00e3o est\\u00e1 dispon\\u00edvel.\",\"invalid_gateway\":\"Gateway inv\\u00e1lido\",\"payment_error\":\"Erro.\",\"incorrect_username_password\":\"Nome de usu\\u00e1rio ou senha incorretos.\"},\"form_attributes\":{\"hide_categories\":true,\"hide_services\":true,\"hide_staff_members\":true,\"show_number_of_persons\":false,\"hide_service_duration\":true,\"hide_locations\":true,\"hide_quantity\":true,\"hide_date\":false,\"hide_week_days\":false,\"hide_time_range\":false,\"const_category_id\":7},\"use_client_time_zone\":1,\"defaults\":{\"service_id\":1,\"staff_id\":1,\"location_id\":0,\"category_id\":7},\"datepicker_mode\":\"text-accent\"} );\n    });\n<\/script>\t\t\t\t<\/div>\n\t\t\t\t<\/div>\n\t\t\t\t\t<\/div>\n\t\t\t\t<\/div>\n\t\t\t\t<\/div>\n\t\t","protected":false},"excerpt":{"rendered":"<p>Venda \u00e9 sin\u00f4nimo de resultados e receita. Vamos agendar uma conversa produtiva? Verifique abaixo o dia e hor\u00e1rio que deseja conversar e vamos ver juntos quais s\u00e3o suas preocupa\u00e7\u00f5es e dificuldades em Vendas e como poderei ajud\u00e1-lo a resolv\u00ea-las. Numa conversa informal e de reconhecimento m\u00fatuo fica mais simples entendermos rapidamente o que pode ser [&hellip;]<\/p>\n","protected":false},"author":2,"featured_media":0,"parent":553,"menu_order":0,"comment_status":"closed","ping_status":"closed","template":"elementor_header_footer","meta":{"footnotes":""},"class_list":["post-2022","page","type-page","status-publish","hentry"],"yoast_head":"<!-- This site is optimized with the Yoast SEO Premium plugin v21.5 (Yoast SEO v27.4) - https:\/\/yoast.com\/product\/yoast-seo-premium-wordpress\/ -->\n<title>Agendamento com o Satyro | SATYRO.COM\u00ae<\/title>\n<meta name=\"robots\" content=\"index, follow, max-snippet:-1, max-image-preview:large, max-video-preview:-1\" \/>\n<link rel=\"canonical\" href=\"https:\/\/satyro.com.br\/wscom\/contact-us\/agendamento-com-o-satyro\/\" \/>\n<meta property=\"og:locale\" content=\"pt_BR\" \/>\n<meta property=\"og:type\" content=\"article\" \/>\n<meta property=\"og:title\" content=\"Agendamento com o Satyro\" \/>\n<meta property=\"og:description\" content=\"Venda \u00e9 sin\u00f4nimo de resultados e receita. Vamos agendar uma conversa produtiva? Verifique abaixo o dia e hor\u00e1rio que deseja conversar e vamos ver juntos quais s\u00e3o suas preocupa\u00e7\u00f5es e dificuldades em Vendas e como poderei ajud\u00e1-lo a resolv\u00ea-las. Numa conversa informal e de reconhecimento m\u00fatuo fica mais simples entendermos rapidamente o que pode ser [&hellip;]\" \/>\n<meta property=\"og:url\" content=\"https:\/\/satyro.com.br\/wscom\/contact-us\/agendamento-com-o-satyro\/\" \/>\n<meta property=\"og:site_name\" content=\"SATYRO.COM\u00ae\" \/>\n<meta property=\"article:publisher\" content=\"https:\/\/www.facebook.com\/SATYROCOM\/\" \/>\n<meta property=\"article:modified_time\" content=\"2023-09-18T11:35:38+00:00\" \/>\n<meta property=\"og:image\" content=\"https:\/\/mlzr8bnprccj.i.optimole.com\/w:auto\/h:auto\/q:mauto\/f:best\/https:\/\/satyro.com.br\/wscom\/wp-content\/uploads\/2023\/09\/contato-agenda-compromisso.jpg\" \/>\n<meta name=\"twitter:card\" content=\"summary_large_image\" \/>\n<meta name=\"twitter:site\" content=\"@satyrooliveira\" \/>\n<meta name=\"twitter:label1\" content=\"Est. tempo de leitura\" \/>\n\t<meta name=\"twitter:data1\" content=\"2 minutos\" \/>\n<script type=\"application\/ld+json\" class=\"yoast-schema-graph\">{\"@context\":\"https:\\\/\\\/schema.org\",\"@graph\":[{\"@type\":\"WebPage\",\"@id\":\"https:\\\/\\\/satyro.com.br\\\/wscom\\\/contact-us\\\/agendamento-com-o-satyro\\\/\",\"url\":\"https:\\\/\\\/satyro.com.br\\\/wscom\\\/contact-us\\\/agendamento-com-o-satyro\\\/\",\"name\":\"Agendamento com o Satyro | SATYRO.COM\u00ae\",\"isPartOf\":{\"@id\":\"https:\\\/\\\/satyro.com.br\\\/wscom\\\/#website\"},\"primaryImageOfPage\":{\"@id\":\"https:\\\/\\\/satyro.com.br\\\/wscom\\\/contact-us\\\/agendamento-com-o-satyro\\\/#primaryimage\"},\"image\":{\"@id\":\"https:\\\/\\\/satyro.com.br\\\/wscom\\\/contact-us\\\/agendamento-com-o-satyro\\\/#primaryimage\"},\"thumbnailUrl\":\"https:\\/\\/satyro.com.br\\/wscom\\/wp-content\\/uploads\\/2023\\/09\\/contato-agenda-compromisso.jpg\",\"datePublished\":\"2023-09-07T21:35:42+00:00\",\"dateModified\":\"2023-09-18T11:35:38+00:00\",\"breadcrumb\":{\"@id\":\"https:\\\/\\\/satyro.com.br\\\/wscom\\\/contact-us\\\/agendamento-com-o-satyro\\\/#breadcrumb\"},\"inLanguage\":\"pt-BR\",\"potentialAction\":[{\"@type\":\"ReadAction\",\"target\":[\"https:\\\/\\\/satyro.com.br\\\/wscom\\\/contact-us\\\/agendamento-com-o-satyro\\\/\"]}]},{\"@type\":\"ImageObject\",\"inLanguage\":\"pt-BR\",\"@id\":\"https:\\\/\\\/satyro.com.br\\\/wscom\\\/contact-us\\\/agendamento-com-o-satyro\\\/#primaryimage\",\"url\":\"https:\\/\\/satyro.com.br\\/wscom\\/wp-content\\/uploads\\/2023\\/09\\/contato-agenda-compromisso.jpg\",\"contentUrl\":\"https:\\/\\/satyro.com.br\\/wscom\\/wp-content\\/uploads\\/2023\\/09\\/contato-agenda-compromisso.jpg\",\"width\":1620,\"height\":1080},{\"@type\":\"BreadcrumbList\",\"@id\":\"https:\\\/\\\/satyro.com.br\\\/wscom\\\/contact-us\\\/agendamento-com-o-satyro\\\/#breadcrumb\",\"itemListElement\":[{\"@type\":\"ListItem\",\"position\":1,\"name\":\"Home\",\"item\":\"https:\\\/\\\/satyro.com.br\\\/wscom\\\/\"},{\"@type\":\"ListItem\",\"position\":2,\"name\":\"Fale Comigo\",\"item\":\"https:\\\/\\\/satyro.com.br\\\/wscom\\\/contact-us\\\/\"},{\"@type\":\"ListItem\",\"position\":3,\"name\":\"Agendamento com o Satyro\"}]},{\"@type\":\"WebSite\",\"@id\":\"https:\\\/\\\/satyro.com.br\\\/wscom\\\/#website\",\"url\":\"https:\\\/\\\/satyro.com.br\\\/wscom\\\/\",\"name\":\"SATYRO.COM\u00ae\",\"description\":\"Mentoria, Consultoria, Coaching e Capacita\u00e7\u00f5es em Vendas\",\"publisher\":{\"@id\":\"https:\\\/\\\/satyro.com.br\\\/wscom\\\/#organization\"},\"alternateName\":\"SATYRO.COM\",\"potentialAction\":[{\"@type\":\"SearchAction\",\"target\":{\"@type\":\"EntryPoint\",\"urlTemplate\":\"https:\\\/\\\/satyro.com.br\\\/wscom\\\/?s={search_term_string}\"},\"query-input\":{\"@type\":\"PropertyValueSpecification\",\"valueRequired\":true,\"valueName\":\"search_term_string\"}}],\"inLanguage\":\"pt-BR\"},{\"@type\":\"Organization\",\"@id\":\"https:\\\/\\\/satyro.com.br\\\/wscom\\\/#organization\",\"name\":\"SATYRO.COM\u00ae\",\"alternateName\":\"SCOM\",\"url\":\"https:\\\/\\\/satyro.com.br\\\/wscom\\\/\",\"logo\":{\"@type\":\"ImageObject\",\"inLanguage\":\"pt-BR\",\"@id\":\"https:\\\/\\\/satyro.com.br\\\/wscom\\\/#\\\/schema\\\/logo\\\/image\\\/\",\"url\":\"https:\\/\\/mlzr8bnprccj.i.optimole.com\\/w:auto\\/h:auto\\/q:mauto\\/f:best\\/https:\\/\\/satyro.com.br\\/wscom\\/wp-content\\/uploads\\/2023\\/08\\/Logo-2015-Sozinho-Quadrado-1532x1532-1.png\",\"contentUrl\":\"https:\\/\\/mlzr8bnprccj.i.optimole.com\\/w:auto\\/h:auto\\/q:mauto\\/f:best\\/https:\\/\\/satyro.com.br\\/wscom\\/wp-content\\/uploads\\/2023\\/08\\/Logo-2015-Sozinho-Quadrado-1532x1532-1.png\",\"width\":1532,\"height\":1532,\"caption\":\"SATYRO.COM\u00ae\"},\"image\":{\"@id\":\"https:\\\/\\\/satyro.com.br\\\/wscom\\\/#\\\/schema\\\/logo\\\/image\\\/\"},\"sameAs\":[\"https:\\\/\\\/www.facebook.com\\\/SATYROCOM\\\/\",\"https:\\\/\\\/x.com\\\/satyrooliveira\",\"https:\\\/\\\/www.linkedin.com\\\/in\\\/satyro\\\/\",\"https:\\\/\\\/www.instagram.com\\\/satyrocom\\\/\"],\"publishingPrinciples\":\"https:\\\/\\\/satyro.com.br\\\/wscom\\\/blog-venda-mais-melhor\\\/\",\"actionableFeedbackPolicy\":\"https:\\\/\\\/satyro.com.br\\\/wscom\\\/contact-us\\\/\"}]}<\/script>\n<!-- \/ Yoast SEO Premium plugin. -->","yoast_head_json":{"title":"Agendamento com o Satyro | SATYRO.COM\u00ae","robots":{"index":"index","follow":"follow","max-snippet":"max-snippet:-1","max-image-preview":"max-image-preview:large","max-video-preview":"max-video-preview:-1"},"canonical":"https:\/\/satyro.com.br\/wscom\/contact-us\/agendamento-com-o-satyro\/","og_locale":"pt_BR","og_type":"article","og_title":"Agendamento com o Satyro","og_description":"Venda \u00e9 sin\u00f4nimo de resultados e receita. Vamos agendar uma conversa produtiva? Verifique abaixo o dia e hor\u00e1rio que deseja conversar e vamos ver juntos quais s\u00e3o suas preocupa\u00e7\u00f5es e dificuldades em Vendas e como poderei ajud\u00e1-lo a resolv\u00ea-las. Numa conversa informal e de reconhecimento m\u00fatuo fica mais simples entendermos rapidamente o que pode ser [&hellip;]","og_url":"https:\/\/satyro.com.br\/wscom\/contact-us\/agendamento-com-o-satyro\/","og_site_name":"SATYRO.COM\u00ae","article_publisher":"https:\/\/www.facebook.com\/SATYROCOM\/","article_modified_time":"2023-09-18T11:35:38+00:00","og_image":[{"url":"https:\/\/mlzr8bnprccj.i.optimole.com\/w:auto\/h:auto\/q:mauto\/f:best\/https:\/\/satyro.com.br\/wscom\/wp-content\/uploads\/2023\/09\/contato-agenda-compromisso.jpg","type":"","width":"","height":""}],"twitter_card":"summary_large_image","twitter_site":"@satyrooliveira","twitter_misc":{"Est. tempo de leitura":"2 minutos"},"schema":{"@context":"https:\/\/schema.org","@graph":[{"@type":"WebPage","@id":"https:\/\/satyro.com.br\/wscom\/contact-us\/agendamento-com-o-satyro\/","url":"https:\/\/satyro.com.br\/wscom\/contact-us\/agendamento-com-o-satyro\/","name":"Agendamento com o Satyro | SATYRO.COM\u00ae","isPartOf":{"@id":"https:\/\/satyro.com.br\/wscom\/#website"},"primaryImageOfPage":{"@id":"https:\/\/satyro.com.br\/wscom\/contact-us\/agendamento-com-o-satyro\/#primaryimage"},"image":{"@id":"https:\/\/satyro.com.br\/wscom\/contact-us\/agendamento-com-o-satyro\/#primaryimage"},"thumbnailUrl":"https:\/\/mlzr8bnprccj.i.optimole.com\/w:auto\/h:auto\/q:mauto\/f:best\/https:\/\/satyro.com.br\/wscom\/wp-content\/uploads\/2023\/09\/contato-agenda-compromisso.jpg","datePublished":"2023-09-07T21:35:42+00:00","dateModified":"2023-09-18T11:35:38+00:00","breadcrumb":{"@id":"https:\/\/satyro.com.br\/wscom\/contact-us\/agendamento-com-o-satyro\/#breadcrumb"},"inLanguage":"pt-BR","potentialAction":[{"@type":"ReadAction","target":["https:\/\/satyro.com.br\/wscom\/contact-us\/agendamento-com-o-satyro\/"]}]},{"@type":"ImageObject","inLanguage":"pt-BR","@id":"https:\/\/satyro.com.br\/wscom\/contact-us\/agendamento-com-o-satyro\/#primaryimage","url":"https:\/\/mlzr8bnprccj.i.optimole.com\/w:auto\/h:auto\/q:mauto\/f:best\/https:\/\/satyro.com.br\/wscom\/wp-content\/uploads\/2023\/09\/contato-agenda-compromisso.jpg","contentUrl":"https:\/\/mlzr8bnprccj.i.optimole.com\/w:auto\/h:auto\/q:mauto\/f:best\/https:\/\/satyro.com.br\/wscom\/wp-content\/uploads\/2023\/09\/contato-agenda-compromisso.jpg","width":1620,"height":1080},{"@type":"BreadcrumbList","@id":"https:\/\/satyro.com.br\/wscom\/contact-us\/agendamento-com-o-satyro\/#breadcrumb","itemListElement":[{"@type":"ListItem","position":1,"name":"Home","item":"https:\/\/satyro.com.br\/wscom\/"},{"@type":"ListItem","position":2,"name":"Fale Comigo","item":"https:\/\/satyro.com.br\/wscom\/contact-us\/"},{"@type":"ListItem","position":3,"name":"Agendamento com o Satyro"}]},{"@type":"WebSite","@id":"https:\/\/satyro.com.br\/wscom\/#website","url":"https:\/\/satyro.com.br\/wscom\/","name":"SATYRO.COM\u00ae","description":"Mentoria, Consultoria, Coaching e Capacita\u00e7\u00f5es em Vendas","publisher":{"@id":"https:\/\/satyro.com.br\/wscom\/#organization"},"alternateName":"SATYRO.COM","potentialAction":[{"@type":"SearchAction","target":{"@type":"EntryPoint","urlTemplate":"https:\/\/satyro.com.br\/wscom\/?s={search_term_string}"},"query-input":{"@type":"PropertyValueSpecification","valueRequired":true,"valueName":"search_term_string"}}],"inLanguage":"pt-BR"},{"@type":"Organization","@id":"https:\/\/satyro.com.br\/wscom\/#organization","name":"SATYRO.COM\u00ae","alternateName":"SCOM","url":"https:\/\/satyro.com.br\/wscom\/","logo":{"@type":"ImageObject","inLanguage":"pt-BR","@id":"https:\/\/satyro.com.br\/wscom\/#\/schema\/logo\/image\/","url":"https:\/\/mlzr8bnprccj.i.optimole.com\/w:auto\/h:auto\/q:mauto\/f:best\/https:\/\/satyro.com.br\/wscom\/wp-content\/uploads\/2023\/08\/Logo-2015-Sozinho-Quadrado-1532x1532-1.png","contentUrl":"https:\/\/mlzr8bnprccj.i.optimole.com\/w:auto\/h:auto\/q:mauto\/f:best\/https:\/\/satyro.com.br\/wscom\/wp-content\/uploads\/2023\/08\/Logo-2015-Sozinho-Quadrado-1532x1532-1.png","width":1532,"height":1532,"caption":"SATYRO.COM\u00ae"},"image":{"@id":"https:\/\/satyro.com.br\/wscom\/#\/schema\/logo\/image\/"},"sameAs":["https:\/\/www.facebook.com\/SATYROCOM\/","https:\/\/x.com\/satyrooliveira","https:\/\/www.linkedin.com\/in\/satyro\/","https:\/\/www.instagram.com\/satyrocom\/"],"publishingPrinciples":"https:\/\/satyro.com.br\/wscom\/blog-venda-mais-melhor\/","actionableFeedbackPolicy":"https:\/\/satyro.com.br\/wscom\/contact-us\/"}]}},"_links":{"self":[{"href":"https:\/\/satyro.com.br\/wscom\/wp-json\/wp\/v2\/pages\/2022","targetHints":{"allow":["GET"]}}],"collection":[{"href":"https:\/\/satyro.com.br\/wscom\/wp-json\/wp\/v2\/pages"}],"about":[{"href":"https:\/\/satyro.com.br\/wscom\/wp-json\/wp\/v2\/types\/page"}],"author":[{"embeddable":true,"href":"https:\/\/satyro.com.br\/wscom\/wp-json\/wp\/v2\/users\/2"}],"replies":[{"embeddable":true,"href":"https:\/\/satyro.com.br\/wscom\/wp-json\/wp\/v2\/comments?post=2022"}],"version-history":[{"count":41,"href":"https:\/\/satyro.com.br\/wscom\/wp-json\/wp\/v2\/pages\/2022\/revisions"}],"predecessor-version":[{"id":3823,"href":"https:\/\/satyro.com.br\/wscom\/wp-json\/wp\/v2\/pages\/2022\/revisions\/3823"}],"up":[{"embeddable":true,"href":"https:\/\/satyro.com.br\/wscom\/wp-json\/wp\/v2\/pages\/553"}],"wp:attachment":[{"href":"https:\/\/satyro.com.br\/wscom\/wp-json\/wp\/v2\/media?parent=2022"}],"curies":[{"name":"wp","href":"https:\/\/api.w.org\/{rel}","templated":true}]}}